{"id":3793,"date":"2024-09-20T14:20:22","date_gmt":"2024-09-20T18:20:22","guid":{"rendered":"https:\/\/louisbarajas.com\/?page_id=3793"},"modified":"2024-09-20T14:25:22","modified_gmt":"2024-09-20T18:25:22","slug":"terminos-y-condiciones","status":"publish","type":"page","link":"https:\/\/louisbarajas.com\/es\/term-and-conditions\/","title":{"rendered":"T\u00e9rminos y condiciones"},"content":{"rendered":"<div data-elementor-type=\"wp-page\" data-elementor-id=\"3793\" class=\"elementor elementor-3793\" data-elementor-post-type=\"page\">\n\t\t\t\t<div class=\"elementor-element elementor-element-b70f019 e-flex e-con-boxed e-con e-parent\" data-id=\"b70f019\" data-element_type=\"container\" data-e-type=\"container\" data-settings=\"{&quot;ekit_has_onepagescroll_dot&quot;:&quot;yes&quot;}\">\n\t\t\t\t\t<div class=\"e-con-inner\">\n\t\t\t\t<div class=\"elementor-element elementor-element-9786342 elementor-widget elementor-widget-heading\" data-id=\"9786342\" data-element_type=\"widget\" data-e-type=\"widget\" data-settings=\"{&quot;ekit_we_effect_on&quot;:&quot;none&quot;}\" data-widget_type=\"heading.default\">\n\t\t\t\t<div class=\"elementor-widget-container\">\n\t\t\t\t\t<h2 class=\"elementor-heading-title elementor-size-default\">T\u00e9rminos y condiciones<\/h2>\t\t\t\t<\/div>\n\t\t\t\t<\/div>\n\t\t\t\t\t<\/div>\n\t\t\t\t<\/div>\n\t\t<div class=\"elementor-element elementor-element-e85b157 e-flex e-con-boxed e-con e-parent\" data-id=\"e85b157\" data-element_type=\"container\" data-e-type=\"container\" data-settings=\"{&quot;ekit_has_onepagescroll_dot&quot;:&quot;yes&quot;}\">\n\t\t\t\t\t<div class=\"e-con-inner\">\n\t\t\t\t<div class=\"elementor-element elementor-element-afd6a10 elementor-widget elementor-widget-text-editor\" data-id=\"afd6a10\" data-element_type=\"widget\" data-e-type=\"widget\" data-settings=\"{&quot;ekit_we_effect_on&quot;:&quot;none&quot;}\" data-widget_type=\"text-editor.default\">\n\t\t\t\t<div class=\"elementor-widget-container\">\n\t\t\t\t\t\t\t\t\t<p>Fecha de entrada en vigor: 1\/01\/2024<\/p>\n<p><b>1. Introducci\u00f3n<\/b><\/p>\n<p>Bienvenido a Louis Barajas Inc. Al acceder o utilizar nuestro sitio web louisbarajas.com y nuestros servicios, usted acepta cumplir y estar sujeto a estos T\u00e9rminos y condiciones. Si no est\u00e1 de acuerdo con alguna parte de estos t\u00e9rminos, no debe utilizar nuestro sitio web ni nuestros servicios.<\/p>\n<p><b>2. Servicios<\/b><\/p>\n<p>Louis Barajas Inc. ofrece asesoramiento financiero, recursos y otros servicios relacionados (denominados colectivamente \u201cServicios\u201d). Nos reservamos el derecho a modificar o interrumpir cualquier aspecto de nuestros Servicios en cualquier momento sin previo aviso.<\/p>\n<p><b>3. Cuentas de usuario<\/b><\/p>\n<p>Para acceder a ciertas funciones de nuestros Servicios, es posible que se le solicite crear una cuenta. Usted se compromete a proporcionar informaci\u00f3n precisa, actualizada y completa durante el proceso de registro, as\u00ed como a actualizar dicha informaci\u00f3n para mantenerla precisa, actualizada y completa. Usted es responsable de mantener la confidencialidad de las credenciales de su cuenta y es plenamente responsable de todas las actividades que se realicen con su cuenta.<\/p>\n<p><b>4. Conducta del usuario<\/b><\/p>\n<p>Usted acepta no utilizar nuestro sitio web o nuestros Servicios con fines ilegales o de manera que pueda da\u00f1ar, deshabilitar, sobrecargar o deteriorar nuestro sitio web o interferir en el uso del sitio web o los Servicios por parte de terceros. Usted acepta no:<\/p>\n<p><ul><li>Transmitir cualquier c\u00f3digo da\u00f1ino o malicioso.<\/li><li>Utilizar cualquier medio automatizado para acceder al sitio web.<\/li><li>Intentar obtener acceso no autorizado a cualquier parte de nuestros Servicios o sistemas.<\/li><\/ul><b>5. Propiedad intelectual<\/b><\/p>\n<p>Todo el contenido y los materiales disponibles en el sitio web, incluidos, entre otros, los textos, gr\u00e1ficos, logotipos e im\u00e1genes, son propiedad de Louis Barajas Inc. o de sus licenciantes y est\u00e1n protegidos por derechos de autor, marcas registradas y otras leyes de propiedad intelectual. No se permite reproducir, distribuir, modificar ni crear obras derivadas de ninguno de nuestros contenidos sin nuestro permiso expreso por escrito.<\/p>\n<p><b>6. Enlaces de terceros<\/b><\/p>\n<p>Nuestro sitio web puede contener enlaces a sitios web de terceros. Estos enlaces se proporcionan \u00fanicamente para su comodidad, y no respaldamos ni tenemos ning\u00fan control sobre el contenido de estos sitios web. No nos hacemos responsables de la disponibilidad o exactitud de estos sitios externos, ni de ning\u00fan contenido, publicidad, productos u otros materiales disponibles en dichos sitios o a trav\u00e9s de ellos.<\/p>\n<p><b>7. Limitaci\u00f3n de responsabilidad<\/b><\/p>\n<p>En la medida en que lo permita la ley, Louis Barajas Inc. no ser\u00e1 responsable de ning\u00fan da\u00f1o directo, indirecto, incidental, especial, consecuente o punitivo, incluyendo, entre otros, la p\u00e9rdida de beneficios, datos, uso, fondo de comercio u otras p\u00e9rdidas intangibles, que se deriven de:<\/p>\n<p><ul><li>Su acceso o uso (o imposibilidad de acceder o usar) nuestros Servicios.<\/li><li>Cualquier conducta o contenido de terceros en nuestros Servicios.<\/li><li>Cualquier contenido obtenido de nuestros Servicios.<\/li><\/ul><b>8. Indemnizaci\u00f3n<\/b><\/p>\n<p>Usted acepta indemnizar, defender y eximir de responsabilidad a Louis Barajas Inc. y a sus afiliados, licenciantes y proveedores de servicios frente a cualquier reclamaci\u00f3n, responsabilidad, da\u00f1o, p\u00e9rdida, costo o gasto (incluidos los honorarios razonables de abogados) que se deriven o est\u00e9n relacionados con su uso de nuestros Servicios, su incumplimiento de estos T\u00e9rminos y condiciones o su violaci\u00f3n de cualquier derecho de otra parte.<\/p>\n<p><b>9. Cambios en los T\u00e9rminos<\/b><\/p>\n<p>Nos reservamos el derecho a modificar estos T\u00e9rminos y condiciones en cualquier momento. Le notificaremos cualquier cambio publicando los T\u00e9rminos actualizados en esta p\u00e1gina con una nueva fecha de entrada en vigor. El uso continuado de nuestros Servicios tras dichos cambios constituye su aceptaci\u00f3n de los nuevos T\u00e9rminos.<\/p>\n<p><b>10. Legislaci\u00f3n aplicable<\/b><\/p>\n<p>Estos T\u00e9rminos y condiciones se regir\u00e1n e interpretar\u00e1n de conformidad con las leyes de California, Estados Unidos de Am\u00e9rica. Cualquier acci\u00f3n o procedimiento legal que surja de estos T\u00e9rminos o est\u00e9 relacionado con ellos se llevar\u00e1 a cabo exclusivamente en los tribunales ubicados en el condado de Orange, California.<\/p>\n<p><b>11. Cont\u00e1ctenos<\/b><\/p>\n<p>Si tiene alguna pregunta sobre estos T\u00e9rminos y condiciones, p\u00f3ngase en contacto con nosotros:<\/p>\n<p>Correo electr\u00f3nico: info@louisbarajas.com<\/p>\t\t\t\t\t\t\t\t<\/div>\n\t\t\t\t<\/div>\n\t\t\t\t\t<\/div>\n\t\t\t\t<\/div>\n\t\t\t\t<\/div>","protected":false},"excerpt":{"rendered":"<p>Terms and Conditions Effective Date: 1\/01\/2024 1. Introduction Welcome to Louis Barajas Inc.. By accessing or using our website louisbarajas.com and our services, you agree to comply with and be bound by these Terms and Conditions. If you do not agree with any part of these terms, you must not use our website or services. [&hellip;]<\/p>\n","protected":false},"author":1,"featured_media":0,"parent":0,"menu_order":0,"comment_status":"closed","ping_status":"closed","template":"","meta":{"site-sidebar-layout":"no-sidebar","site-content-layout":"page-builder","ast-site-content-layout":"full-width-container","site-content-style":"default","site-sidebar-style":"default","ast-global-header-display":"disabled","ast-banner-title-visibility":"","ast-main-header-display":"","ast-hfb-above-header-display":"","ast-hfb-below-header-display":"","ast-hfb-mobile-header-display":"","site-post-title":"disabled","ast-breadcrumbs-content":"","ast-featured-img":"disabled","footer-sml-layout":"disabled","ast-disable-related-posts":"","theme-transparent-header-meta":"","adv-header-id-meta":"","stick-header-meta":"","header-above-stick-meta":"","header-main-stick-meta":"","header-below-stick-meta":"","astra-migrate-meta-layouts":"set","ast-page-background-enabled":"default","ast-page-background-meta":{"desktop":{"background-color":"var(--ast-global-color-4)","background-image":"","background-repeat":"repeat","background-position":"center center","background-size":"auto","background-attachment":"scroll","background-type":"","background-media":"","overlay-type":"","overlay-color":"","overlay-opacity":"","overlay-gradient":""},"tablet":{"background-color":"","background-image":"","background-repeat":"repeat","background-position":"center center","background-size":"auto","background-attachment":"scroll","background-type":"","background-media":"","overlay-type":"","overlay-color":"","overlay-opacity":"","overlay-gradient":""},"mobile":{"background-color":"","background-image":"","background-repeat":"repeat","background-position":"center center","background-size":"auto","background-attachment":"scroll","background-type":"","background-media":"","overlay-type":"","overlay-color":"","overlay-opacity":"","overlay-gradient":""}},"ast-content-background-meta":{"desktop":{"background-color":"var(--ast-global-color-5)","background-image":"","background-repeat":"repeat","background-position":"center center","background-size":"auto","background-attachment":"scroll","background-type":"","background-media":"","overlay-type":"","overlay-color":"","overlay-opacity":"","overlay-gradient":""},"tablet":{"background-color":"var(--ast-global-color-5)","background-image":"","background-repeat":"repeat","background-position":"center center","background-size":"auto","background-attachment":"scroll","background-type":"","background-media":"","overlay-type":"","overlay-color":"","overlay-opacity":"","overlay-gradient":""},"mobile":{"background-color":"var(--ast-global-color-5)","background-image":"","background-repeat":"repeat","background-position":"center center","background-size":"auto","background-attachment":"scroll","background-type":"","background-media":"","overlay-type":"","overlay-color":"","overlay-opacity":"","overlay-gradient":""}},"footnotes":""},"class_list":["post-3793","page","type-page","status-publish","hentry"],"yoast_head":"<!-- This site is optimized with the Yoast SEO plugin v27.2 - https:\/\/yoast.com\/product\/yoast-seo-wordpress\/ -->\n<title>Term and Conditions - Louis Barajas<\/title>\n<meta name=\"robots\" content=\"index, follow, max-snippet:-1, max-image-preview:large, max-video-preview:-1\" \/>\n<link rel=\"canonical\" href=\"https:\/\/louisbarajas.com\/es\/terminos-y-condiciones\/\" \/>\n<meta property=\"og:locale\" content=\"es_MX\" \/>\n<meta property=\"og:type\" content=\"article\" \/>\n<meta property=\"og:title\" content=\"Term and Conditions - Louis Barajas\" \/>\n<meta property=\"og:description\" content=\"Terms and Conditions Effective Date: 1\/01\/2024 1. Introduction Welcome to Louis Barajas Inc.. By accessing or using our website louisbarajas.com and our services, you agree to comply with and be bound by these Terms and Conditions. If you do not agree with any part of these terms, you must not use our website or services. [&hellip;]\" \/>\n<meta property=\"og:url\" content=\"https:\/\/louisbarajas.com\/es\/terminos-y-condiciones\/\" \/>\n<meta property=\"og:site_name\" content=\"Louis Barajas\" \/>\n<meta property=\"article:publisher\" content=\"https:\/\/www.facebook.com\/LouisBarajas\/\" \/>\n<meta property=\"article:modified_time\" content=\"2024-09-20T18:25:22+00:00\" \/>\n<meta property=\"og:image\" content=\"https:\/\/louisbarajas.com\/wp-content\/uploads\/2023\/07\/LouisBarajasFinancialLifeHealer.jpg\" \/>\n\t<meta property=\"og:image:width\" content=\"1200\" \/>\n\t<meta property=\"og:image:height\" content=\"675\" \/>\n\t<meta property=\"og:image:type\" content=\"image\/jpeg\" \/>\n<meta name=\"twitter:card\" content=\"summary_large_image\" \/>\n<meta name=\"twitter:site\" content=\"@louisbarajas\" \/>\n<meta name=\"twitter:label1\" content=\"Tiempo de lectura\" \/>\n\t<meta name=\"twitter:data1\" content=\"3 minutos\" \/>\n<script type=\"application\/ld+json\" class=\"yoast-schema-graph\">{\"@context\":\"https:\/\/schema.org\",\"@graph\":[{\"@type\":\"WebPage\",\"@id\":\"https:\/\/louisbarajas.com\/term-and-conditions\/\",\"url\":\"https:\/\/louisbarajas.com\/term-and-conditions\/\",\"name\":\"Term and Conditions - Louis Barajas\",\"isPartOf\":{\"@id\":\"https:\/\/louisbarajas.com\/#website\"},\"datePublished\":\"2024-09-20T18:20:22+00:00\",\"dateModified\":\"2024-09-20T18:25:22+00:00\",\"breadcrumb\":{\"@id\":\"https:\/\/louisbarajas.com\/term-and-conditions\/#breadcrumb\"},\"inLanguage\":\"es\",\"potentialAction\":[{\"@type\":\"ReadAction\",\"target\":[\"https:\/\/louisbarajas.com\/term-and-conditions\/\"]}]},{\"@type\":\"BreadcrumbList\",\"@id\":\"https:\/\/louisbarajas.com\/term-and-conditions\/#breadcrumb\",\"itemListElement\":[{\"@type\":\"ListItem\",\"position\":1,\"name\":\"Home\",\"item\":\"https:\/\/louisbarajas.com\/\"},{\"@type\":\"ListItem\",\"position\":2,\"name\":\"Term and Conditions\"}]},{\"@type\":\"WebSite\",\"@id\":\"https:\/\/louisbarajas.com\/#website\",\"url\":\"https:\/\/louisbarajas.com\/\",\"name\":\"https:\/\/louisbarajas.com\/\",\"description\":\"Financial Life Healer\",\"publisher\":{\"@id\":\"https:\/\/louisbarajas.com\/#\/schema\/person\/c2d67420baaaec358da2b8ca402eabf8\"},\"potentialAction\":[{\"@type\":\"SearchAction\",\"target\":{\"@type\":\"EntryPoint\",\"urlTemplate\":\"https:\/\/louisbarajas.com\/?s={search_term_string}\"},\"query-input\":{\"@type\":\"PropertyValueSpecification\",\"valueRequired\":true,\"valueName\":\"search_term_string\"}}],\"inLanguage\":\"es\"},{\"@type\":[\"Person\",\"Organization\"],\"@id\":\"https:\/\/louisbarajas.com\/#\/schema\/person\/c2d67420baaaec358da2b8ca402eabf8\",\"name\":\"Louis Barajas\",\"image\":{\"@type\":\"ImageObject\",\"inLanguage\":\"es\",\"@id\":\"https:\/\/louisbarajas.com\/wp-content\/uploads\/2023\/05\/2.jpg\",\"url\":\"https:\/\/louisbarajas.com\/wp-content\/uploads\/2023\/05\/2.jpg\",\"contentUrl\":\"https:\/\/louisbarajas.com\/wp-content\/uploads\/2023\/05\/2.jpg\",\"width\":512,\"height\":512,\"caption\":\"Louis Barajas\"},\"logo\":{\"@id\":\"https:\/\/louisbarajas.com\/wp-content\/uploads\/2023\/05\/2.jpg\"},\"description\":\"Louis is an experienced financial advisor and motivational speaker dedicated to helping individuals and businesses achieve financial greatness. With a passion for empowering others, he combines his expertise in personal finance with his engaging communication style to inspire positive change and transformation.\",\"sameAs\":[\"https:\/\/louisbarajas.com\",\"https:\/\/www.facebook.com\/LouisBarajas\/\",\"https:\/\/www.instagram.com\/louisbarajas\/\",\"https:\/\/www.linkedin.com\/in\/louis-barajas-mba-cfp-ea-17287b4\/\",\"https:\/\/x.com\/https:\/\/twitter.com\/louisbarajas\",\"https:\/\/www.youtube.com\/channel\/UCkT4khd9rIVaJ87MB77rhTQ\"]}]}<\/script>\n<!-- \/ Yoast SEO plugin. -->","yoast_head_json":{"title":"T\u00e9rminos y condiciones - Louis Barajas","robots":{"index":"index","follow":"follow","max-snippet":"max-snippet:-1","max-image-preview":"max-image-preview:large","max-video-preview":"max-video-preview:-1"},"canonical":"https:\/\/louisbarajas.com\/es\/terminos-y-condiciones\/","og_locale":"es_MX","og_type":"article","og_title":"Term and Conditions - Louis Barajas","og_description":"Terms and Conditions Effective Date: 1\/01\/2024 1. Introduction Welcome to Louis Barajas Inc.. By accessing or using our website louisbarajas.com and our services, you agree to comply with and be bound by these Terms and Conditions. If you do not agree with any part of these terms, you must not use our website or services. [&hellip;]","og_url":"https:\/\/louisbarajas.com\/es\/terminos-y-condiciones\/","og_site_name":"Louis Barajas","article_publisher":"https:\/\/www.facebook.com\/LouisBarajas\/","article_modified_time":"2024-09-20T18:25:22+00:00","og_image":[{"width":1200,"height":675,"url":"https:\/\/louisbarajas.com\/wp-content\/uploads\/2023\/07\/LouisBarajasFinancialLifeHealer.jpg","type":"image\/jpeg"}],"twitter_card":"summary_large_image","twitter_site":"@louisbarajas","twitter_misc":{"Tiempo de lectura":"3 minutos"},"schema":{"@context":"https:\/\/schema.org","@graph":[{"@type":"WebPage","@id":"https:\/\/louisbarajas.com\/term-and-conditions\/","url":"https:\/\/louisbarajas.com\/term-and-conditions\/","name":"T\u00e9rminos y condiciones - Louis Barajas","isPartOf":{"@id":"https:\/\/louisbarajas.com\/#website"},"datePublished":"2024-09-20T18:20:22+00:00","dateModified":"2024-09-20T18:25:22+00:00","breadcrumb":{"@id":"https:\/\/louisbarajas.com\/term-and-conditions\/#breadcrumb"},"inLanguage":"es","potentialAction":[{"@type":"ReadAction","target":["https:\/\/louisbarajas.com\/term-and-conditions\/"]}]},{"@type":"BreadcrumbList","@id":"https:\/\/louisbarajas.com\/term-and-conditions\/#breadcrumb","itemListElement":[{"@type":"ListItem","position":1,"name":"Home","item":"https:\/\/louisbarajas.com\/"},{"@type":"ListItem","position":2,"name":"Term and Conditions"}]},{"@type":"WebSite","@id":"https:\/\/louisbarajas.com\/#website","url":"https:\/\/louisbarajas.com\/","name":"https:\/\/louisbarajas.com\/","description":"Sanador de la vida financiera","publisher":{"@id":"https:\/\/louisbarajas.com\/#\/schema\/person\/c2d67420baaaec358da2b8ca402eabf8"},"potentialAction":[{"@type":"SearchAction","target":{"@type":"EntryPoint","urlTemplate":"https:\/\/louisbarajas.com\/?s={search_term_string}"},"query-input":{"@type":"PropertyValueSpecification","valueRequired":true,"valueName":"search_term_string"}}],"inLanguage":"es"},{"@type":["Person","Organization"],"@id":"https:\/\/louisbarajas.com\/#\/schema\/person\/c2d67420baaaec358da2b8ca402eabf8","name":"Luis Barajas","image":{"@type":"ImageObject","inLanguage":"es","@id":"https:\/\/louisbarajas.com\/wp-content\/uploads\/2023\/05\/2.jpg","url":"https:\/\/louisbarajas.com\/wp-content\/uploads\/2023\/05\/2.jpg","contentUrl":"https:\/\/louisbarajas.com\/wp-content\/uploads\/2023\/05\/2.jpg","width":512,"height":512,"caption":"Louis Barajas"},"logo":{"@id":"https:\/\/louisbarajas.com\/wp-content\/uploads\/2023\/05\/2.jpg"},"description":"Louis es un asesor financiero con amplia experiencia y conferencista motivacional dedicado a ayudar a personas y empresas a alcanzar la excelencia financiera. Apasionado por empoderar a los dem\u00e1s, combina su experiencia en finanzas personales con su estilo de comunicaci\u00f3n atractivo para inspirar cambios positivos y transformaciones.","sameAs":["https:\/\/louisbarajas.com","https:\/\/www.facebook.com\/LouisBarajas\/","https:\/\/www.instagram.com\/louisbarajas\/","https:\/\/www.linkedin.com\/in\/louis-barajas-mba-cfp-ea-17287b4\/","https:\/\/x.com\/https:\/\/twitter.com\/louisbarajas","https:\/\/www.youtube.com\/channel\/UCkT4khd9rIVaJ87MB77rhTQ"]}]}},"jetpack_sharing_enabled":true,"_links":{"self":[{"href":"https:\/\/louisbarajas.com\/es\/wp-json\/wp\/v2\/pages\/3793","targetHints":{"allow":["GET"]}}],"collection":[{"href":"https:\/\/louisbarajas.com\/es\/wp-json\/wp\/v2\/pages"}],"about":[{"href":"https:\/\/louisbarajas.com\/es\/wp-json\/wp\/v2\/types\/page"}],"author":[{"embeddable":true,"href":"https:\/\/louisbarajas.com\/es\/wp-json\/wp\/v2\/users\/1"}],"replies":[{"embeddable":true,"href":"https:\/\/louisbarajas.com\/es\/wp-json\/wp\/v2\/comments?post=3793"}],"version-history":[{"count":4,"href":"https:\/\/louisbarajas.com\/es\/wp-json\/wp\/v2\/pages\/3793\/revisions"}],"predecessor-version":[{"id":3797,"href":"https:\/\/louisbarajas.com\/es\/wp-json\/wp\/v2\/pages\/3793\/revisions\/3797"}],"wp:attachment":[{"href":"https:\/\/louisbarajas.com\/es\/wp-json\/wp\/v2\/media?parent=3793"}],"curies":[{"name":"wp","href":"https:\/\/api.w.org\/{rel}","templated":true}]}}